{"id":257254,"date":"2025-04-07T15:25:30","date_gmt":"2025-04-07T13:25:30","guid":{"rendered":"https:\/\/shape.ch\/book-now-free-ems-training-session-in-geneva\/"},"modified":"2025-12-09T05:45:58","modified_gmt":"2025-12-09T04:45:58","slug":"book-now-free-ems-training-session-in-geneva","status":"publish","type":"page","link":"https:\/\/shape.ch\/en\/book-now-free-ems-training-session-in-geneva\/","title":{"rendered":"Book Now \u2013 Free EMS Training Session in Geneva"},"content":{"rendered":"<p>[et_pb_section fb_built=&#8221;1&#8243; _builder_version=&#8221;4.27.4&#8243; _module_preset=&#8221;default&#8221; da_disable_devices=&#8221;off|off|off&#8221; global_colors_info=&#8221;{}&#8221; da_is_popup=&#8221;off&#8221; da_exit_intent=&#8221;off&#8221; da_has_close=&#8221;on&#8221; da_alt_close=&#8221;off&#8221; da_dark_close=&#8221;off&#8221; da_not_modal=&#8221;on&#8221; da_is_singular=&#8221;off&#8221; da_with_loader=&#8221;off&#8221; da_has_shadow=&#8221;on&#8221;][et_pb_row _builder_version=&#8221;4.27.4&#8243; _module_preset=&#8221;default&#8221; width=&#8221;85%&#8221; max_width=&#8221;100%&#8221; global_colors_info=&#8221;{}&#8221;][et_pb_column type=&#8221;4_4&#8243; _builder_version=&#8221;4.27.4&#8243; _module_preset=&#8221;default&#8221; global_colors_info=&#8221;{}&#8221;][et_pb_text _builder_version=&#8221;4.27.4&#8243; _module_preset=&#8221;default&#8221; text_font=&#8221;Poppins|600|||||||&#8221; text_text_color=&#8221;#000000&#8243; text_font_size=&#8221;26px&#8221; custom_margin_tablet=&#8221;&#8221; custom_margin_phone=&#8221;&#8221; custom_margin_last_edited=&#8221;on|desktop&#8221; custom_padding=&#8221;|||55px|false|false&#8221; custom_padding_tablet=&#8221;|||55px|false|false&#8221; custom_padding_phone=&#8221;|||0px|false|false&#8221; custom_padding_last_edited=&#8221;on|phone&#8221; text_font_size_tablet=&#8221;26px&#8221; text_font_size_phone=&#8221;18px&#8221; text_font_size_last_edited=&#8221;on|phone&#8221; global_colors_info=&#8221;{}&#8221;]<\/p>\n<p>Book through our mobile app.<\/p>\n<p>[\/et_pb_text][\/et_pb_column][\/et_pb_row][et_pb_row column_structure=&#8221;1_2,1_2&#8243; use_custom_gutter=&#8221;on&#8221; make_equal=&#8221;on&#8221; disabled_on=&#8221;off|off|on&#8221; _builder_version=&#8221;4.27.4&#8243; background_size=&#8221;initial&#8221; background_position=&#8221;top_left&#8221; background_repeat=&#8221;repeat&#8221; width=&#8221;100%&#8221; max_width=&#8221;95%&#8221; custom_margin_tablet=&#8221;&#8221; custom_margin_phone=&#8221;||||false|false&#8221; custom_margin_last_edited=&#8221;on|phone&#8221; custom_padding=&#8221;0px|||30px|false|false&#8221; global_colors_info=&#8221;{}&#8221;][et_pb_column type=&#8221;1_2&#8243; _builder_version=&#8221;4.16&#8243; custom_padding=&#8221;|||&#8221; global_colors_info=&#8221;{}&#8221; custom_padding__hover=&#8221;|||&#8221;][et_pb_blurb title=&#8221;Download on Google Play.&#8221; url=&#8221;<a href=\"https:\/\/play.google.com\/store\/apps\/details?id=com.fitnessmobileapps.shape41351&#038;pcampaignid=web_share&#038;#8221\" rel=\"nofollow\">https:\/\/play.google.com\/store\/apps\/details?id=com.fitnessmobileapps.shape41351&#038;pcampaignid=web_share&#038;#8221<\/a>; image=&#8221;<a href=\"https:\/\/shape.ch\/wp-content\/uploads\/2025\/05\/google-play-2.png&#038;#8221\">https:\/\/shape.ch\/wp-content\/uploads\/2025\/05\/google-play-2.png&#038;#8221<\/a>; icon_placement=&#8221;left&#8221; _builder_version=&#8221;4.27.4&#8243; header_font=&#8221;Poppins||||||||&#8221; header_text_align=&#8221;left&#8221; body_font=&#8221;Poppins||||||||&#8221; body_text_align=&#8221;left&#8221; background_size=&#8221;initial&#8221; background_position=&#8221;top_left&#8221; background_repeat=&#8221;repeat&#8221; text_orientation=&#8221;center&#8221; image_max_width=&#8221;none&#8221; global_colors_info=&#8221;{}&#8221;]<\/p>\n<p>Compatible with all Android devices.<\/p>\n<p>[\/et_pb_blurb][\/et_pb_column][et_pb_column type=&#8221;1_2&#8243; _builder_version=&#8221;4.27.4&#8243; custom_padding=&#8221;|||&#8221; global_colors_info=&#8221;{}&#8221; custom_padding__hover=&#8221;|||&#8221;][et_pb_blurb title=&#8221;Download on the Apple Store.&#8221; url=&#8221;<a href=\"https:\/\/apps.apple.com\/us\/app\/shape-gen%C3%A8ve\/id6744885855?ign-itscg=30200&#038;ign-itsct=apps_box_link&#038;mttnsubad=6744885855&#038;#8243\" rel=\"nofollow\">https:\/\/apps.apple.com\/us\/app\/shape-gen%C3%A8ve\/id6744885855?ign-itscg=30200&#038;ign-itsct=apps_box_link&#038;mttnsubad=6744885855&#038;#8243<\/a>; image=&#8221;<a href=\"https:\/\/shape.ch\/wp-content\/uploads\/2025\/05\/apple.png&#038;#8221\">https:\/\/shape.ch\/wp-content\/uploads\/2025\/05\/apple.png&#038;#8221<\/a>; icon_placement=&#8221;left&#8221; _builder_version=&#8221;4.27.4&#8243; header_font=&#8221;Poppins||||||||&#8221; header_text_align=&#8221;left&#8221; body_font=&#8221;Poppins||||||||&#8221; body_text_align=&#8221;left&#8221; background_size=&#8221;initial&#8221; background_position=&#8221;top_left&#8221; background_repeat=&#8221;repeat&#8221; text_orientation=&#8221;center&#8221; image_max_width=&#8221;none&#8221; global_colors_info=&#8221;{}&#8221;]<\/p>\n<p>Compatible with all Apple devices.<\/p>\n<p>[\/et_pb_blurb][\/et_pb_column][\/et_pb_row][et_pb_row column_structure=&#8221;1_2,1_2&#8243; disabled_on=&#8221;on|on|off&#8221; _builder_version=&#8221;4.27.4&#8243; _module_preset=&#8221;default&#8221; width=&#8221;85%&#8221; max_width=&#8221;100%&#8221; global_colors_info=&#8221;{}&#8221;][et_pb_column type=&#8221;1_2&#8243; _builder_version=&#8221;4.27.4&#8243; _module_preset=&#8221;default&#8221; global_colors_info=&#8221;{}&#8221;][et_pb_image src=&#8221;<a href=\"https:\/\/shape.ch\/wp-content\/uploads\/2025\/05\/google-play-2.png&#038;#8221\">https:\/\/shape.ch\/wp-content\/uploads\/2025\/05\/google-play-2.png&#038;#8221<\/a>; title_text=&#8221;google-play (2)&#8221; url=&#8221;<a href=\"https:\/\/play.google.com\/store\/apps\/details?id=com.fitnessmobileapps.shape41351&#038;pcampaignid=web_share&#038;#8221\" rel=\"nofollow\">https:\/\/play.google.com\/store\/apps\/details?id=com.fitnessmobileapps.shape41351&#038;pcampaignid=web_share&#038;#8221<\/a>; align=&#8221;center&#8221; _builder_version=&#8221;4.27.4&#8243; _module_preset=&#8221;default&#8221; global_colors_info=&#8221;{}&#8221;][\/et_pb_image][et_pb_text _builder_version=&#8221;4.27.4&#8243; _module_preset=&#8221;51831d3f-7c7c-41d7-ad2d-e6600c089e3f&#8221; text_font=&#8221;Poppins|300|||||||&#8221; text_text_color=&#8221;#000000&#8243; text_font_size=&#8221;16px&#8221; text_line_height=&#8221;2.2em&#8221; text_orientation=&#8221;center&#8221; width_tablet=&#8221;&#8221; width_phone=&#8221;90%&#8221; width_last_edited=&#8221;on|phone&#8221; max_width=&#8221;800px&#8221; module_alignment=&#8221;center&#8221; link_option_url=&#8221;<a href=\"https:\/\/play.google.com\/store\/apps\/details?id=com.fitnessmobileapps.shape41351&#038;pcampaignid=web_share&#038;#8221\" rel=\"nofollow\">https:\/\/play.google.com\/store\/apps\/details?id=com.fitnessmobileapps.shape41351&#038;pcampaignid=web_share&#038;#8221<\/a>; text_font_size_tablet=&#8221;15px&#8221; text_font_size_phone=&#8221;14px&#8221; text_font_size_last_edited=&#8221;on|desktop&#8221; global_colors_info=&#8221;{}&#8221;]<\/p>\n<p style=\"text-align: center;\">Download on Google Play.<\/p>\n<p>[\/et_pb_text][\/et_pb_column][et_pb_column type=&#8221;1_2&#8243; _builder_version=&#8221;4.27.4&#8243; _module_preset=&#8221;default&#8221; global_colors_info=&#8221;{}&#8221;][et_pb_image src=&#8221;<a href=\"https:\/\/shape.ch\/wp-content\/uploads\/2025\/05\/apple.png&#038;#8221\">https:\/\/shape.ch\/wp-content\/uploads\/2025\/05\/apple.png&#038;#8221<\/a>; title_text=&#8221;apple&#8221; url=&#8221;<a href=\"https:\/\/apps.apple.com\/us\/app\/shape-gen%C3%A8ve\/id6744885855?ign-itscg=30200&#038;ign-itsct=apps_box_link&#038;mttnsubad=6744885855&#038;#8243\" rel=\"nofollow\">https:\/\/apps.apple.com\/us\/app\/shape-gen%C3%A8ve\/id6744885855?ign-itscg=30200&#038;ign-itsct=apps_box_link&#038;mttnsubad=6744885855&#038;#8243<\/a>; align=&#8221;center&#8221; _builder_version=&#8221;4.27.4&#8243; _module_preset=&#8221;default&#8221; global_colors_info=&#8221;{}&#8221;][\/et_pb_image][et_pb_text _builder_version=&#8221;4.27.4&#8243; _module_preset=&#8221;51831d3f-7c7c-41d7-ad2d-e6600c089e3f&#8221; text_font=&#8221;Poppins|300|||||||&#8221; text_text_color=&#8221;#000000&#8243; text_font_size=&#8221;16px&#8221; text_line_height=&#8221;2.2em&#8221; text_orientation=&#8221;center&#8221; width_tablet=&#8221;&#8221; width_phone=&#8221;90%&#8221; width_last_edited=&#8221;on|phone&#8221; max_width=&#8221;800px&#8221; module_alignment=&#8221;center&#8221; link_option_url=&#8221;<a href=\"https:\/\/apps.apple.com\/us\/app\/shape-gen%C3%A8ve\/id6744885855?ign-itscg=30200&#038;ign-itsct=apps_box_link&#038;mttnsubad=6744885855&#038;#8243\" rel=\"nofollow\">https:\/\/apps.apple.com\/us\/app\/shape-gen%C3%A8ve\/id6744885855?ign-itscg=30200&#038;ign-itsct=apps_box_link&#038;mttnsubad=6744885855&#038;#8243<\/a>; text_font_size_tablet=&#8221;15px&#8221; text_font_size_phone=&#8221;14px&#8221; text_font_size_last_edited=&#8221;on|desktop&#8221; global_colors_info=&#8221;{}&#8221;]<\/p>\n<p style=\"text-align: center;\">Download on the Apple Store.<\/p>\n<p>[\/et_pb_text][\/et_pb_column][\/et_pb_row][et_pb_row _builder_version=&#8221;4.27.4&#8243; _module_preset=&#8221;default&#8221; width=&#8221;85%&#8221; max_width=&#8221;100%&#8221; global_colors_info=&#8221;{}&#8221;][et_pb_column type=&#8221;4_4&#8243; _builder_version=&#8221;4.27.4&#8243; _module_preset=&#8221;default&#8221; global_colors_info=&#8221;{}&#8221;][et_pb_code _builder_version=&#8221;4.27.4&#8243; _module_preset=&#8221;default&#8221; global_colors_info=&#8221;{}&#8221;]<!-- Mindbody Schedules widget begin --><!-- [et_pb_line_break_holder] --><\/p>\n<div class=\"mindbody-widget\" data-widget-type=\"Schedules\" data-widget-id=\"d520482ec5c\"><\/div>\n<p><!-- [et_pb_line_break_holder] --><script async=\"\" src=\"https:\/\/brandedweb.mindbodyonline.com\/embed\/widget.js\"><\/script><!-- [et_pb_line_break_holder] --><!-- Mindbody Schedules widget end -->[\/et_pb_code][\/et_pb_column][\/et_pb_row][\/et_pb_section]<\/p>\n","protected":false},"excerpt":{"rendered":"<p>Book your EMS training session now at our studio in Geneva Acacias and transform your body in record time.<\/p>\n","protected":false},"author":260648222,"featured_media":0,"parent":0,"menu_order":0,"comment_status":"closed","ping_status":"closed","template":"","meta":{"_et_pb_use_builder":"on","_et_pb_old_content":"","_et_gb_content_width":"","jetpack_post_was_ever_published":false,"two_page_speed":[],"footnotes":""},"class_list":["post-257254","page","type-page","status-publish","hentry"],"jetpack_likes_enabled":true,"jetpack_sharing_enabled":true,"jetpack_shortlink":"https:\/\/wp.me\/PghISn-14Vg","jetpack-related-posts":[{"id":257851,"url":"https:\/\/shape.ch\/conditions-generales-de-vente-electrostimulation-geneve\/","url_meta":{"origin":257254,"position":0},"title":"Conditions G\u00e9n\u00e9rales de Vente","author":"gaetan bruyere","date":"July 7, 2025","format":false,"excerpt":"[inftnc_heading_gradient gradient_title=\"byshape.ch SARL\" start_color=\"#474747\"\u2026","rel":"","context":"Similar post","block_context":{"text":"Similar post","link":""},"img":{"alt_text":"","src":"","width":0,"height":0},"classes":[]},{"id":257924,"url":"https:\/\/shape.ch\/politique-de-confidentialite\/","url_meta":{"origin":257254,"position":1},"title":"Politique de confidentialit\u00e9","author":"gaetan bruyere","date":"July 7, 2025","format":false,"excerpt":"","rel":"","context":"Similar post","block_context":{"text":"Similar post","link":""},"img":{"alt_text":"","src":"","width":0,"height":0},"classes":[]},{"id":257951,"url":"https:\/\/shape.ch\/en\/conditions-generales-de-vente-bains-froids\/","url_meta":{"origin":257254,"position":2},"title":"Conditions G\u00e9n\u00e9rales de Vente \u2013 Bains froids","author":"gaetan bruyere","date":"July 7, 2025","format":false,"excerpt":"","rel":"","context":"Similar post","block_context":{"text":"Similar post","link":""},"img":{"alt_text":"","src":"","width":0,"height":0},"classes":[]},{"id":257948,"url":"https:\/\/shape.ch\/en\/politique-de-confidentialite\/","url_meta":{"origin":257254,"position":3},"title":"Politique de confidentialit\u00e9","author":"gaetan bruyere","date":"July 7, 2025","format":false,"excerpt":"","rel":"","context":"Similar post","block_context":{"text":"Similar post","link":""},"img":{"alt_text":"","src":"","width":0,"height":0},"classes":[]},{"id":143,"url":"https:\/\/shape.ch\/electrostimulation-geneve\/","url_meta":{"origin":257254,"position":4},"title":"Electrostimulation gen\u00e8ve","author":"shapefacture","date":"January 14, 2025","format":false,"excerpt":"\u00c9lectrostimulation \u00e0 Gen\u00e8ve \u2013 Shape vous propose des s\u00e9ances personnalis\u00e9es de 25 min avec coach dipl\u00f4m\u00e9 aux Acacias, \u00e0 5 min de Carouge. Bain froid & sauna infrarouge inclus.","rel":"","context":"Similar post","block_context":{"text":"Similar post","link":""},"img":{"alt_text":"","src":"","width":0,"height":0},"classes":[]},{"id":255900,"url":"https:\/\/shape.ch\/electrostimulation-geneve-2\/","url_meta":{"origin":257254,"position":5},"title":"Accueil","author":"shapefacture","date":"February 20, 2025","format":false,"excerpt":"","rel":"","context":"Similar post","block_context":{"text":"Similar post","link":""},"img":{"alt_text":"","src":"","width":0,"height":0},"classes":[]}],"_links":{"self":[{"href":"https:\/\/shape.ch\/en\/wp-json\/wp\/v2\/pages\/257254","targetHints":{"allow":["GET"]}}],"collection":[{"href":"https:\/\/shape.ch\/en\/wp-json\/wp\/v2\/pages"}],"about":[{"href":"https:\/\/shape.ch\/en\/wp-json\/wp\/v2\/types\/page"}],"author":[{"embeddable":true,"href":"https:\/\/shape.ch\/en\/wp-json\/wp\/v2\/users\/260648222"}],"replies":[{"embeddable":true,"href":"https:\/\/shape.ch\/en\/wp-json\/wp\/v2\/comments?post=257254"}],"version-history":[{"count":7,"href":"https:\/\/shape.ch\/en\/wp-json\/wp\/v2\/pages\/257254\/revisions"}],"predecessor-version":[{"id":259101,"href":"https:\/\/shape.ch\/en\/wp-json\/wp\/v2\/pages\/257254\/revisions\/259101"}],"wp:attachment":[{"href":"https:\/\/shape.ch\/en\/wp-json\/wp\/v2\/media?parent=257254"}],"curies":[{"name":"wp","href":"https:\/\/api.w.org\/{rel}","templated":true}]}}